{"id":758,"date":"2023-01-25T15:26:14","date_gmt":"2023-01-25T14:26:14","guid":{"rendered":"http:\/\/btclogistiek.nl\/?page_id=758"},"modified":"2025-12-09T17:15:16","modified_gmt":"2025-12-09T16:15:16","slug":"ueber-uns","status":"publish","type":"page","link":"https:\/\/www.btclogistiek.nl\/de\/ueber-uns\/","title":{"rendered":"\u00dcber uns"},"content":{"rendered":"<p>Wer sind wir? Kurzum, wir sind Profis aus Leidenschaft. Um es genauer zu sagen, wir sind ein erfahrenes Team von Logistikprofis. Gemeinsam setzen wir uns t\u00e4glich daf\u00fcr ein, Sie in Ihren Logistikfragen zu unterst\u00fctzen.<\/p>\n","protected":false},"excerpt":{"rendered":"<p>Wer sind wir? Kurzum, wir sind Profis aus Leidenschaft. Um es genauer zu sagen, wir sind ein erfahrenes Team von Logistikprofis. Gemeinsam setzen wir uns t\u00e4glich daf\u00fcr ein, Sie in Ihren Logistikfragen zu unterst\u00fctzen.<\/p>\n","protected":false},"author":4,"featured_media":0,"parent":0,"menu_order":0,"comment_status":"closed","ping_status":"closed","template":"","meta":{"_acf_changed":false,"footnotes":""},"class_list":["post-758","page","type-page","status-publish","hentry"],"acf":[],"yoast_head":"<!-- This site is optimized with the Yoast SEO plugin v27.5 - https:\/\/yoast.com\/product\/yoast-seo-wordpress\/ -->\n<title>\u00dcber uns - BTC Logistiek B.V.<\/title>\n<meta name=\"robots\" content=\"index, follow, max-snippet:-1, max-image-preview:large, max-video-preview:-1\" \/>\n<link rel=\"canonical\" href=\"https:\/\/www.btclogistiek.nl\/de\/ueber-uns\/\" \/>\n<meta property=\"og:locale\" content=\"de_DE\" \/>\n<meta property=\"og:type\" content=\"article\" \/>\n<meta property=\"og:title\" content=\"\u00dcber uns - BTC Logistiek B.V.\" \/>\n<meta property=\"og:description\" content=\"Wer sind wir? Kurzum, wir sind Profis aus Leidenschaft. Um es genauer zu sagen, wir sind ein erfahrenes Team von Logistikprofis. Gemeinsam setzen wir uns t\u00e4glich daf\u00fcr ein, Sie in Ihren Logistikfragen zu unterst\u00fctzen.\" \/>\n<meta property=\"og:url\" content=\"https:\/\/www.btclogistiek.nl\/de\/ueber-uns\/\" \/>\n<meta property=\"og:site_name\" content=\"BTC Logistiek B.V.\" \/>\n<meta property=\"article:publisher\" content=\"https:\/\/www.facebook.com\/people\/BTC-Logistiek-BV\/100076521453731\/\" \/>\n<meta property=\"article:modified_time\" content=\"2025-12-09T16:15:16+00:00\" \/>\n<meta name=\"twitter:card\" content=\"summary_large_image\" \/>\n<meta name=\"twitter:label1\" content=\"Est. reading time\" \/>\n\t<meta name=\"twitter:data1\" content=\"1 minute\" \/>\n<script type=\"application\/ld+json\" class=\"yoast-schema-graph\">{\"@context\":\"https:\\\/\\\/schema.org\",\"@graph\":[{\"@type\":\"WebPage\",\"@id\":\"https:\\\/\\\/www.btclogistiek.nl\\\/de\\\/ueber-uns\\\/\",\"url\":\"https:\\\/\\\/www.btclogistiek.nl\\\/de\\\/ueber-uns\\\/\",\"name\":\"\u00dcber uns - BTC Logistiek B.V.\",\"isPartOf\":{\"@id\":\"https:\\\/\\\/www.btclogistiek.nl\\\/de\\\/#website\"},\"datePublished\":\"2023-01-25T14:26:14+00:00\",\"dateModified\":\"2025-12-09T16:15:16+00:00\",\"breadcrumb\":{\"@id\":\"https:\\\/\\\/www.btclogistiek.nl\\\/de\\\/ueber-uns\\\/#breadcrumb\"},\"inLanguage\":\"de-DE\",\"potentialAction\":[{\"@type\":\"ReadAction\",\"target\":[\"https:\\\/\\\/www.btclogistiek.nl\\\/de\\\/ueber-uns\\\/\"]}]},{\"@type\":\"BreadcrumbList\",\"@id\":\"https:\\\/\\\/www.btclogistiek.nl\\\/de\\\/ueber-uns\\\/#breadcrumb\",\"itemListElement\":[{\"@type\":\"ListItem\",\"position\":1,\"name\":\"Home\",\"item\":\"https:\\\/\\\/www.btclogistiek.nl\\\/de\\\/\"},{\"@type\":\"ListItem\",\"position\":2,\"name\":\"\u00dcber uns\"}]},{\"@type\":\"WebSite\",\"@id\":\"https:\\\/\\\/www.btclogistiek.nl\\\/de\\\/#website\",\"url\":\"https:\\\/\\\/www.btclogistiek.nl\\\/de\\\/\",\"name\":\"BTC Logistiek B.V.\",\"description\":\"Mehr als nur ein Transportunternehmen\",\"publisher\":{\"@id\":\"https:\\\/\\\/www.btclogistiek.nl\\\/de\\\/#organization\"},\"potentialAction\":[{\"@type\":\"SearchAction\",\"target\":{\"@type\":\"EntryPoint\",\"urlTemplate\":\"https:\\\/\\\/www.btclogistiek.nl\\\/de\\\/?s={search_term_string}\"},\"query-input\":{\"@type\":\"PropertyValueSpecification\",\"valueRequired\":true,\"valueName\":\"search_term_string\"}}],\"inLanguage\":\"de-DE\"},{\"@type\":\"Organization\",\"@id\":\"https:\\\/\\\/www.btclogistiek.nl\\\/de\\\/#organization\",\"name\":\"BTC Logistiek B.V.\",\"url\":\"https:\\\/\\\/www.btclogistiek.nl\\\/de\\\/\",\"logo\":{\"@type\":\"ImageObject\",\"inLanguage\":\"de-DE\",\"@id\":\"https:\\\/\\\/www.btclogistiek.nl\\\/de\\\/#\\\/schema\\\/logo\\\/image\\\/\",\"url\":\"http:\\\/\\\/btclogistiek.test\\\/wp-content\\\/uploads\\\/2023\\\/01\\\/logo-btc.png\",\"contentUrl\":\"http:\\\/\\\/btclogistiek.test\\\/wp-content\\\/uploads\\\/2023\\\/01\\\/logo-btc.png\",\"width\":4167,\"height\":1104,\"caption\":\"BTC Logistiek B.V.\"},\"image\":{\"@id\":\"https:\\\/\\\/www.btclogistiek.nl\\\/de\\\/#\\\/schema\\\/logo\\\/image\\\/\"},\"sameAs\":[\"https:\\\/\\\/www.facebook.com\\\/people\\\/BTC-Logistiek-BV\\\/100076521453731\\\/\"]}]}<\/script>\n<!-- \/ Yoast SEO plugin. -->","yoast_head_json":{"title":"\u00dcber uns - BTC Logistiek B.V.","robots":{"index":"index","follow":"follow","max-snippet":"max-snippet:-1","max-image-preview":"max-image-preview:large","max-video-preview":"max-video-preview:-1"},"canonical":"https:\/\/www.btclogistiek.nl\/de\/ueber-uns\/","og_locale":"de_DE","og_type":"article","og_title":"\u00dcber uns - BTC Logistiek B.V.","og_description":"Wer sind wir? Kurzum, wir sind Profis aus Leidenschaft. Um es genauer zu sagen, wir sind ein erfahrenes Team von Logistikprofis. Gemeinsam setzen wir uns t\u00e4glich daf\u00fcr ein, Sie in Ihren Logistikfragen zu unterst\u00fctzen.","og_url":"https:\/\/www.btclogistiek.nl\/de\/ueber-uns\/","og_site_name":"BTC Logistiek B.V.","article_publisher":"https:\/\/www.facebook.com\/people\/BTC-Logistiek-BV\/100076521453731\/","article_modified_time":"2025-12-09T16:15:16+00:00","twitter_card":"summary_large_image","twitter_misc":{"Est. reading time":"1 minute"},"schema":{"@context":"https:\/\/schema.org","@graph":[{"@type":"WebPage","@id":"https:\/\/www.btclogistiek.nl\/de\/ueber-uns\/","url":"https:\/\/www.btclogistiek.nl\/de\/ueber-uns\/","name":"\u00dcber uns - BTC Logistiek B.V.","isPartOf":{"@id":"https:\/\/www.btclogistiek.nl\/de\/#website"},"datePublished":"2023-01-25T14:26:14+00:00","dateModified":"2025-12-09T16:15:16+00:00","breadcrumb":{"@id":"https:\/\/www.btclogistiek.nl\/de\/ueber-uns\/#breadcrumb"},"inLanguage":"de-DE","potentialAction":[{"@type":"ReadAction","target":["https:\/\/www.btclogistiek.nl\/de\/ueber-uns\/"]}]},{"@type":"BreadcrumbList","@id":"https:\/\/www.btclogistiek.nl\/de\/ueber-uns\/#breadcrumb","itemListElement":[{"@type":"ListItem","position":1,"name":"Home","item":"https:\/\/www.btclogistiek.nl\/de\/"},{"@type":"ListItem","position":2,"name":"\u00dcber uns"}]},{"@type":"WebSite","@id":"https:\/\/www.btclogistiek.nl\/de\/#website","url":"https:\/\/www.btclogistiek.nl\/de\/","name":"BTC Logistiek B.V.","description":"Mehr als nur ein Transportunternehmen","publisher":{"@id":"https:\/\/www.btclogistiek.nl\/de\/#organization"},"potentialAction":[{"@type":"SearchAction","target":{"@type":"EntryPoint","urlTemplate":"https:\/\/www.btclogistiek.nl\/de\/?s={search_term_string}"},"query-input":{"@type":"PropertyValueSpecification","valueRequired":true,"valueName":"search_term_string"}}],"inLanguage":"de-DE"},{"@type":"Organization","@id":"https:\/\/www.btclogistiek.nl\/de\/#organization","name":"BTC Logistiek B.V.","url":"https:\/\/www.btclogistiek.nl\/de\/","logo":{"@type":"ImageObject","inLanguage":"de-DE","@id":"https:\/\/www.btclogistiek.nl\/de\/#\/schema\/logo\/image\/","url":"http:\/\/btclogistiek.test\/wp-content\/uploads\/2023\/01\/logo-btc.png","contentUrl":"http:\/\/btclogistiek.test\/wp-content\/uploads\/2023\/01\/logo-btc.png","width":4167,"height":1104,"caption":"BTC Logistiek B.V."},"image":{"@id":"https:\/\/www.btclogistiek.nl\/de\/#\/schema\/logo\/image\/"},"sameAs":["https:\/\/www.facebook.com\/people\/BTC-Logistiek-BV\/100076521453731\/"]}]}},"_links":{"self":[{"href":"https:\/\/www.btclogistiek.nl\/de\/wp-json\/wp\/v2\/pages\/758","targetHints":{"allow":["GET"]}}],"collection":[{"href":"https:\/\/www.btclogistiek.nl\/de\/wp-json\/wp\/v2\/pages"}],"about":[{"href":"https:\/\/www.btclogistiek.nl\/de\/wp-json\/wp\/v2\/types\/page"}],"author":[{"embeddable":true,"href":"https:\/\/www.btclogistiek.nl\/de\/wp-json\/wp\/v2\/users\/4"}],"replies":[{"embeddable":true,"href":"https:\/\/www.btclogistiek.nl\/de\/wp-json\/wp\/v2\/comments?post=758"}],"version-history":[{"count":5,"href":"https:\/\/www.btclogistiek.nl\/de\/wp-json\/wp\/v2\/pages\/758\/revisions"}],"predecessor-version":[{"id":1120,"href":"https:\/\/www.btclogistiek.nl\/de\/wp-json\/wp\/v2\/pages\/758\/revisions\/1120"}],"wp:attachment":[{"href":"https:\/\/www.btclogistiek.nl\/de\/wp-json\/wp\/v2\/media?parent=758"}],"curies":[{"name":"wp","href":"https:\/\/api.w.org\/{rel}","templated":true}]}}